{"id":24794,"date":"2021-11-15T18:35:09","date_gmt":"2021-11-15T18:35:09","guid":{"rendered":"https:\/\/ccare.aegean.gr\/?page_id=24794"},"modified":"2023-04-19T07:29:08","modified_gmt":"2023-04-19T07:29:08","slug":"kontakt","status":"publish","type":"page","link":"https:\/\/ccare.aegean.gr\/de\/kontakt\/","title":{"rendered":"Kontakt"},"content":{"rendered":"\t\t<div data-elementor-type=\"wp-page\" data-elementor-id=\"24794\" class=\"elementor elementor-24794 elementor-12966\" data-elementor-post-type=\"page\">\n\t\t\t\t\t\t<section class=\"elementor-section elementor-top-section elementor-element elementor-element-52aedf58 elementor-section-content-middle elementor-section-full_width elementor-section-height-default elementor-section-height-default\" data-id=\"52aedf58\" data-element_type=\"section\" data-e-type=\"section\">\n\t\t\t\t\t\t<div class=\"elementor-container elementor-column-gap-no\">\n\t\t\t\t\t<div class=\"elementor-column elementor-col-50 elementor-top-column elementor-element elementor-element-16043e9b\" data-id=\"16043e9b\" data-element_type=\"column\" data-e-type=\"column\">\n\t\t\t<div class=\"elementor-widget-wrap elementor-element-populated\">\n\t\t\t\t\t\t<div class=\"elementor-element elementor-element-f12dc7a elementor-widget elementor-widget-heading\" data-id=\"f12dc7a\" data-element_type=\"widget\" data-e-type=\"widget\" data-widget_type=\"heading.default\">\n\t\t\t\t<div class=\"elementor-widget-container\">\n\t\t\t\t\t<h1 class=\"elementor-heading-title elementor-size-default\">Kontaktiere uns<\/h1>\t\t\t\t<\/div>\n\t\t\t\t<\/div>\n\t\t\t\t<div class=\"elementor-element elementor-element-6c4dcd39 elementor-widget elementor-widget-text-editor\" data-id=\"6c4dcd39\" data-element_type=\"widget\" data-e-type=\"widget\" data-widget_type=\"text-editor.default\">\n\t\t\t\t<div class=\"elementor-widget-container\">\n\t\t\t\t\t\t\t\t\t<p>Wir w\u00fcrden uns freuen, von Ihnen zu h\u00f6ren.<br \/>F\u00fchlen Sie sich frei, sich mit den untenstehenden Details zu melden.<\/p>\t\t\t\t\t\t\t\t<\/div>\n\t\t\t\t<\/div>\n\t\t\t\t\t<\/div>\n\t\t<\/div>\n\t\t\t\t<div class=\"elementor-column elementor-col-50 elementor-top-column elementor-element elementor-element-1ed95ef7\" data-id=\"1ed95ef7\" data-element_type=\"column\" data-e-type=\"column\">\n\t\t\t<div class=\"elementor-widget-wrap elementor-element-populated\">\n\t\t\t\t\t\t<div class=\"elementor-element elementor-element-3662025 elementor-widget elementor-widget-image\" data-id=\"3662025\" data-element_type=\"widget\" data-e-type=\"widget\" data-widget_type=\"image.default\">\n\t\t\t\t<div class=\"elementor-widget-container\">\n\t\t\t\t\t\t\t\t\t\t\t\t\t\t\t<img fetchpriority=\"high\" decoding=\"async\" width=\"1024\" height=\"683\" src=\"https:\/\/ccare.aegean.gr\/wp-content\/uploads\/2023\/02\/clay-banks-VK-podfv2DU-unsplash-1-1024x683.jpg\" class=\"attachment-large size-large wp-image-26720\" alt=\"\" srcset=\"https:\/\/ccare.aegean.gr\/wp-content\/uploads\/2023\/02\/clay-banks-VK-podfv2DU-unsplash-1-1024x683.jpg 1024w, https:\/\/ccare.aegean.gr\/wp-content\/uploads\/2023\/02\/clay-banks-VK-podfv2DU-unsplash-1-300x200.jpg 300w, https:\/\/ccare.aegean.gr\/wp-content\/uploads\/2023\/02\/clay-banks-VK-podfv2DU-unsplash-1-768x512.jpg 768w, https:\/\/ccare.aegean.gr\/wp-content\/uploads\/2023\/02\/clay-banks-VK-podfv2DU-unsplash-1-1536x1024.jpg 1536w, https:\/\/ccare.aegean.gr\/wp-content\/uploads\/2023\/02\/clay-banks-VK-podfv2DU-unsplash-1-2048x1365.jpg 2048w, https:\/\/ccare.aegean.gr\/wp-content\/uploads\/2023\/02\/clay-banks-VK-podfv2DU-unsplash-1-50x33.jpg 50w, https:\/\/ccare.aegean.gr\/wp-content\/uploads\/2023\/02\/clay-banks-VK-podfv2DU-unsplash-1-100x67.jpg 100w\" sizes=\"(max-width: 1024px) 100vw, 1024px\" \/>\t\t\t\t\t\t\t\t\t\t\t\t\t\t\t<\/div>\n\t\t\t\t<\/div>\n\t\t\t\t\t<\/div>\n\t\t<\/div>\n\t\t\t\t\t<\/div>\n\t\t<\/section>\n\t\t\t\t<section class=\"elementor-section elementor-top-section elementor-element elementor-element-4d27db66 elementor-section-content-middle elementor-section-full_width elementor-reverse-mobile elementor-section-height-default elementor-section-height-default\" data-id=\"4d27db66\" data-element_type=\"section\" data-e-type=\"section\" data-settings=\"{&quot;background_background&quot;:&quot;classic&quot;}\">\n\t\t\t\t\t\t<div class=\"elementor-container elementor-column-gap-no\">\n\t\t\t\t\t<div class=\"elementor-column elementor-col-50 elementor-top-column elementor-element elementor-element-6734dafa\" data-id=\"6734dafa\" data-element_type=\"column\" data-e-type=\"column\">\n\t\t\t<div class=\"elementor-widget-wrap elementor-element-populated\">\n\t\t\t\t\t\t<div class=\"elementor-element elementor-element-b7e5a64 elementor-widget elementor-widget-image\" data-id=\"b7e5a64\" data-element_type=\"widget\" data-e-type=\"widget\" data-widget_type=\"image.default\">\n\t\t\t\t<div class=\"elementor-widget-container\">\n\t\t\t\t\t\t\t\t\t\t\t\t\t\t\t<img decoding=\"async\" width=\"1024\" height=\"576\" src=\"https:\/\/ccare.aegean.gr\/wp-content\/uploads\/2023\/02\/redd-f-5U_28ojjgms-unsplash-1024x576.jpg\" class=\"attachment-large size-large wp-image-26712\" alt=\"\" srcset=\"https:\/\/ccare.aegean.gr\/wp-content\/uploads\/2023\/02\/redd-f-5U_28ojjgms-unsplash-1024x576.jpg 1024w, https:\/\/ccare.aegean.gr\/wp-content\/uploads\/2023\/02\/redd-f-5U_28ojjgms-unsplash-300x169.jpg 300w, https:\/\/ccare.aegean.gr\/wp-content\/uploads\/2023\/02\/redd-f-5U_28ojjgms-unsplash-768x432.jpg 768w, https:\/\/ccare.aegean.gr\/wp-content\/uploads\/2023\/02\/redd-f-5U_28ojjgms-unsplash-1536x864.jpg 1536w, https:\/\/ccare.aegean.gr\/wp-content\/uploads\/2023\/02\/redd-f-5U_28ojjgms-unsplash-2048x1152.jpg 2048w, https:\/\/ccare.aegean.gr\/wp-content\/uploads\/2023\/02\/redd-f-5U_28ojjgms-unsplash-50x28.jpg 50w, https:\/\/ccare.aegean.gr\/wp-content\/uploads\/2023\/02\/redd-f-5U_28ojjgms-unsplash-100x56.jpg 100w\" sizes=\"(max-width: 1024px) 100vw, 1024px\" \/>\t\t\t\t\t\t\t\t\t\t\t\t\t\t\t<\/div>\n\t\t\t\t<\/div>\n\t\t\t\t\t<\/div>\n\t\t<\/div>\n\t\t\t\t<div class=\"elementor-column elementor-col-50 elementor-top-column elementor-element elementor-element-6da5f59a\" data-id=\"6da5f59a\" data-element_type=\"column\" data-e-type=\"column\">\n\t\t\t<div class=\"elementor-widget-wrap elementor-element-populated\">\n\t\t\t\t\t\t<div class=\"elementor-element elementor-element-da757d1 elementor-widget elementor-widget-text-editor\" data-id=\"da757d1\" data-element_type=\"widget\" data-e-type=\"widget\" data-widget_type=\"text-editor.default\">\n\t\t\t\t<div class=\"elementor-widget-container\">\n\t\t\t\t\t\t\t\t\t<h5><span>COMMUNICARE \u2013 VERBESSERUNG DER KOMMUNIKATIONSKOMPETENZ ALS EIN N\u00dcTZLICHES HILFSMITTEL F\u00dcR PFLEGEKR\u00c4FTE IN DER ALTENPFLEGE<\/span><\/h5><p><span>Co-funded by the Erasmus+ Programme of the European Union<\/span><\/p><p><span>Key Action: Cooperation for Innovation and the exchange of good practices<\/span><\/p><p><span>Action: Strategic Partnership<\/span><\/p><p><span>Project No: 2020-1-DE02-KA204-007685<\/span><\/p><p><span>Project Coordinator: Ruth Dankbar (<a href=\"mailto:ruth.dankbar@wohlfahrtswerk.de\">ruth.dankbar@wohlfahrtswerk.de<\/a>)<\/span><\/p><p><span>Wohlfahrtswerk f\u00fcr Baden-W\u00fcrttemberg<\/span><\/p><p><span>Department Research &amp; Development<\/span><\/p><p><span>Schlo\u00dfstra\u00dfe 80,<\/span><\/p><p><span>70176 Stuttgart<\/span><\/p><p><span>Germany<\/span><\/p>\t\t\t\t\t\t\t\t<\/div>\n\t\t\t\t<\/div>\n\t\t\t\t\t<\/div>\n\t\t<\/div>\n\t\t\t\t\t<\/div>\n\t\t<\/section>\n\t\t\t\t<section class=\"elementor-section elementor-top-section elementor-element elementor-element-5808b243 elementor-section-full_width elementor-reverse-mobile elementor-section-content-middle elementor-section-height-default elementor-section-height-default\" data-id=\"5808b243\" data-element_type=\"section\" data-e-type=\"section\">\n\t\t\t\t\t\t<div class=\"elementor-container elementor-column-gap-no\">\n\t\t\t\t\t<div class=\"elementor-column elementor-col-50 elementor-top-column elementor-element elementor-element-506926a5\" data-id=\"506926a5\" data-element_type=\"column\" data-e-type=\"column\">\n\t\t\t<div class=\"elementor-widget-wrap elementor-element-populated\">\n\t\t\t\t\t\t<div class=\"elementor-element elementor-element-72db392b elementor-widget elementor-widget-heading\" data-id=\"72db392b\" data-element_type=\"widget\" data-e-type=\"widget\" data-widget_type=\"heading.default\">\n\t\t\t\t<div class=\"elementor-widget-container\">\n\t\t\t\t\t<h2 class=\"elementor-heading-title elementor-size-default\">Besuchen Sie uns<\/h2>\t\t\t\t<\/div>\n\t\t\t\t<\/div>\n\t\t\t\t<div class=\"elementor-element elementor-element-70b9ea3 elementor-widget elementor-widget-text-editor\" data-id=\"70b9ea3\" data-element_type=\"widget\" data-e-type=\"widget\" data-widget_type=\"text-editor.default\">\n\t\t\t\t<div class=\"elementor-widget-container\">\n\t\t\t\t\t\t\t\t\t<h2>Adresse<\/h2><p>Wohlfahrtswerk f\u00fcr Baden-W\u00fcrttemberg<br \/>Department Research &amp; Development<br \/>Schlo\u00dfstra\u00dfe 80, 70176 Stuttgart Germany<\/p>\t\t\t\t\t\t\t\t<\/div>\n\t\t\t\t<\/div>\n\t\t\t\t\t<\/div>\n\t\t<\/div>\n\t\t\t\t<div class=\"elementor-column elementor-col-50 elementor-top-column elementor-element elementor-element-47a8808a\" data-id=\"47a8808a\" data-element_type=\"column\" data-e-type=\"column\" data-settings=\"{&quot;background_background&quot;:&quot;classic&quot;}\">\n\t\t\t<div class=\"elementor-widget-wrap elementor-element-populated\">\n\t\t\t\t\t\t<div class=\"elementor-element elementor-element-c1141bb elementor-widget elementor-widget-google_maps\" data-id=\"c1141bb\" data-element_type=\"widget\" data-e-type=\"widget\" data-widget_type=\"google_maps.default\">\n\t\t\t\t<div class=\"elementor-widget-container\">\n\t\t\t\t\t\t\t<div class=\"elementor-custom-embed\">\n\t\t\t<iframe loading=\"lazy\"\n\t\t\t\t\tsrc=\"https:\/\/maps.google.com\/maps?q=Wohlfahrtswerk%20f%C3%BCr%20Baden-W%C3%BCrttemberg%20%20Department%20Research%20%26%20Development%20%20Schlo%C3%9Fstra%C3%9Fe%2080%2C%20%2070176%20Stuttgart%20%20Germany&#038;t=m&#038;z=17&#038;output=embed&#038;iwloc=near\"\n\t\t\t\t\ttitle=\"Wohlfahrtswerk f\u00fcr Baden-W\u00fcrttemberg  Department Research &amp; Development  Schlo\u00dfstra\u00dfe 80,  70176 Stuttgart  Germany\"\n\t\t\t\t\taria-label=\"Wohlfahrtswerk f\u00fcr Baden-W\u00fcrttemberg  Department Research &amp; Development  Schlo\u00dfstra\u00dfe 80,  70176 Stuttgart  Germany\"\n\t\t\t><\/iframe>\n\t\t<\/div>\n\t\t\t\t\t\t<\/div>\n\t\t\t\t<\/div>\n\t\t\t\t\t<\/div>\n\t\t<\/div>\n\t\t\t\t\t<\/div>\n\t\t<\/section>\n\t\t\t\t<\/div>\n\t\t","protected":false},"excerpt":{"rendered":"<p>Kontaktiere uns Wir w\u00fcrden uns freuen, von Ihnen zu h\u00f6ren. F\u00fchlen Sie sich frei, sich mit den untenstehenden Details zu melden. COMMUNICARE \u2013 VERBESSERUNG DER KOMMUNIKATIONSKOMPETENZ ALS EIN N\u00dcTZLICHES HILFSMITTEL F\u00dcR PFLEGEKR\u00c4FTE IN DER ALTENPFLEGE Co-funded by the Erasmus+ Programme of the European Union Key Action: Cooperation for Innovation and the exchange of good practices [&hellip;]<\/p>\n","protected":false},"author":1,"featured_media":0,"parent":0,"menu_order":0,"comment_status":"closed","ping_status":"closed","template":"elementor_header_footer","meta":{"_bbp_topic_count":0,"_bbp_reply_count":0,"_bbp_total_topic_count":0,"_bbp_total_reply_count":0,"_bbp_voice_count":0,"_bbp_anonymous_reply_count":0,"_bbp_topic_count_hidden":0,"_bbp_reply_count_hidden":0,"_bbp_forum_subforum_count":0,"_monsterinsights_skip_tracking":false,"_monsterinsights_sitenote_active":false,"_monsterinsights_sitenote_note":"","_monsterinsights_sitenote_category":0,"footnotes":""},"coauthors":[99],"class_list":["post-24794","page","type-page","status-publish","hentry","user-has-not-earned"],"yoast_head":"<!-- This site is optimized with the Yoast SEO Premium plugin v19.1 (Yoast SEO v27.4) - https:\/\/yoast.com\/product\/yoast-seo-premium-wordpress\/ -->\n<title>Kontakt | Communicare<\/title>\n<meta name=\"robots\" content=\"index, follow, max-snippet:-1, max-image-preview:large, max-video-preview:-1\" \/>\n<link rel=\"canonical\" href=\"https:\/\/ccare.aegean.gr\/de\/kontakt\/\" \/>\n<meta property=\"og:locale\" content=\"de_DE\" \/>\n<meta property=\"og:type\" content=\"article\" \/>\n<meta property=\"og:title\" content=\"Kontakt\" \/>\n<meta property=\"og:description\" content=\"Kontaktiere uns Wir w\u00fcrden uns freuen, von Ihnen zu h\u00f6ren. F\u00fchlen Sie sich frei, sich mit den untenstehenden Details zu melden. COMMUNICARE \u2013 VERBESSERUNG DER KOMMUNIKATIONSKOMPETENZ ALS EIN N\u00dcTZLICHES HILFSMITTEL F\u00dcR PFLEGEKR\u00c4FTE IN DER ALTENPFLEGE Co-funded by the Erasmus+ Programme of the European Union Key Action: Cooperation for Innovation and the exchange of good practices [&hellip;]\" \/>\n<meta property=\"og:url\" content=\"https:\/\/ccare.aegean.gr\/de\/kontakt\/\" \/>\n<meta property=\"og:site_name\" content=\"Communicare\" \/>\n<meta property=\"article:publisher\" content=\"https:\/\/www.facebook.com\/profile.php?id=100065519678321\" \/>\n<meta property=\"article:modified_time\" content=\"2023-04-19T07:29:08+00:00\" \/>\n<meta property=\"og:image\" content=\"https:\/\/ccare.aegean.gr\/wp-content\/uploads\/2023\/02\/clay-banks-VK-podfv2DU-unsplash-1-1024x683.jpg\" \/>\n<meta name=\"twitter:card\" content=\"summary_large_image\" \/>\n<meta name=\"twitter:label1\" content=\"Gesch\u00e4tzte Lesezeit\" \/>\n\t<meta name=\"twitter:data1\" content=\"1\u00a0Minute\" \/>\n\t<meta name=\"twitter:label2\" content=\"Written by\" \/>\n\t<meta name=\"twitter:data2\" content=\"gc\" \/>\n<script type=\"application\/ld+json\" class=\"yoast-schema-graph\">{\"@context\":\"https:\\\/\\\/schema.org\",\"@graph\":[{\"@type\":\"WebPage\",\"@id\":\"https:\\\/\\\/ccare.aegean.gr\\\/de\\\/kontakt\\\/\",\"url\":\"https:\\\/\\\/ccare.aegean.gr\\\/de\\\/kontakt\\\/\",\"name\":\"Kontakt | Communicare\",\"isPartOf\":{\"@id\":\"https:\\\/\\\/ccare.aegean.gr\\\/#website\"},\"primaryImageOfPage\":{\"@id\":\"https:\\\/\\\/ccare.aegean.gr\\\/de\\\/kontakt\\\/#primaryimage\"},\"image\":{\"@id\":\"https:\\\/\\\/ccare.aegean.gr\\\/de\\\/kontakt\\\/#primaryimage\"},\"thumbnailUrl\":\"https:\\\/\\\/ccare.aegean.gr\\\/wp-content\\\/uploads\\\/2023\\\/02\\\/clay-banks-VK-podfv2DU-unsplash-1-1024x683.jpg\",\"datePublished\":\"2021-11-15T18:35:09+00:00\",\"dateModified\":\"2023-04-19T07:29:08+00:00\",\"breadcrumb\":{\"@id\":\"https:\\\/\\\/ccare.aegean.gr\\\/de\\\/kontakt\\\/#breadcrumb\"},\"inLanguage\":\"de\",\"potentialAction\":[{\"@type\":\"ReadAction\",\"target\":[\"https:\\\/\\\/ccare.aegean.gr\\\/de\\\/kontakt\\\/\"]}]},{\"@type\":\"ImageObject\",\"inLanguage\":\"de\",\"@id\":\"https:\\\/\\\/ccare.aegean.gr\\\/de\\\/kontakt\\\/#primaryimage\",\"url\":\"https:\\\/\\\/ccare.aegean.gr\\\/wp-content\\\/uploads\\\/2023\\\/02\\\/clay-banks-VK-podfv2DU-unsplash-1-1024x683.jpg\",\"contentUrl\":\"https:\\\/\\\/ccare.aegean.gr\\\/wp-content\\\/uploads\\\/2023\\\/02\\\/clay-banks-VK-podfv2DU-unsplash-1-1024x683.jpg\"},{\"@type\":\"BreadcrumbList\",\"@id\":\"https:\\\/\\\/ccare.aegean.gr\\\/de\\\/kontakt\\\/#breadcrumb\",\"itemListElement\":[{\"@type\":\"ListItem\",\"position\":1,\"name\":\"Home\",\"item\":\"https:\\\/\\\/ccare.aegean.gr\\\/de\\\/\"},{\"@type\":\"ListItem\",\"position\":2,\"name\":\"Kontakt\"}]},{\"@type\":\"WebSite\",\"@id\":\"https:\\\/\\\/ccare.aegean.gr\\\/#website\",\"url\":\"https:\\\/\\\/ccare.aegean.gr\\\/\",\"name\":\"Communicare\",\"description\":\"Improving communication skills as a tool for caregivers in long term care for elderly\",\"publisher\":{\"@id\":\"https:\\\/\\\/ccare.aegean.gr\\\/#organization\"},\"potentialAction\":[{\"@type\":\"SearchAction\",\"target\":{\"@type\":\"EntryPoint\",\"urlTemplate\":\"https:\\\/\\\/ccare.aegean.gr\\\/?s={search_term_string}\"},\"query-input\":{\"@type\":\"PropertyValueSpecification\",\"valueRequired\":true,\"valueName\":\"search_term_string\"}}],\"inLanguage\":\"de\"},{\"@type\":\"Organization\",\"@id\":\"https:\\\/\\\/ccare.aegean.gr\\\/#organization\",\"name\":\"Communicare\",\"url\":\"https:\\\/\\\/ccare.aegean.gr\\\/\",\"logo\":{\"@type\":\"ImageObject\",\"inLanguage\":\"de\",\"@id\":\"https:\\\/\\\/ccare.aegean.gr\\\/#\\\/schema\\\/logo\\\/image\\\/\",\"url\":\"https:\\\/\\\/ccare.aegean.gr\\\/wp-content\\\/uploads\\\/2022\\\/08\\\/1657625329101001.svg\",\"contentUrl\":\"https:\\\/\\\/ccare.aegean.gr\\\/wp-content\\\/uploads\\\/2022\\\/08\\\/1657625329101001.svg\",\"width\":1,\"height\":1,\"caption\":\"Communicare\"},\"image\":{\"@id\":\"https:\\\/\\\/ccare.aegean.gr\\\/#\\\/schema\\\/logo\\\/image\\\/\"},\"sameAs\":[\"https:\\\/\\\/www.facebook.com\\\/profile.php?id=100065519678321\"]}]}<\/script>\n<!-- \/ Yoast SEO Premium plugin. -->","yoast_head_json":{"title":"Kontakt | Communicare","robots":{"index":"index","follow":"follow","max-snippet":"max-snippet:-1","max-image-preview":"max-image-preview:large","max-video-preview":"max-video-preview:-1"},"canonical":"https:\/\/ccare.aegean.gr\/de\/kontakt\/","og_locale":"de_DE","og_type":"article","og_title":"Kontakt","og_description":"Kontaktiere uns Wir w\u00fcrden uns freuen, von Ihnen zu h\u00f6ren. F\u00fchlen Sie sich frei, sich mit den untenstehenden Details zu melden. COMMUNICARE \u2013 VERBESSERUNG DER KOMMUNIKATIONSKOMPETENZ ALS EIN N\u00dcTZLICHES HILFSMITTEL F\u00dcR PFLEGEKR\u00c4FTE IN DER ALTENPFLEGE Co-funded by the Erasmus+ Programme of the European Union Key Action: Cooperation for Innovation and the exchange of good practices [&hellip;]","og_url":"https:\/\/ccare.aegean.gr\/de\/kontakt\/","og_site_name":"Communicare","article_publisher":"https:\/\/www.facebook.com\/profile.php?id=100065519678321","article_modified_time":"2023-04-19T07:29:08+00:00","og_image":[{"url":"https:\/\/ccare.aegean.gr\/wp-content\/uploads\/2023\/02\/clay-banks-VK-podfv2DU-unsplash-1-1024x683.jpg","type":"","width":"","height":""}],"twitter_card":"summary_large_image","twitter_misc":{"Gesch\u00e4tzte Lesezeit":"1\u00a0Minute","Written by":"gc"},"schema":{"@context":"https:\/\/schema.org","@graph":[{"@type":"WebPage","@id":"https:\/\/ccare.aegean.gr\/de\/kontakt\/","url":"https:\/\/ccare.aegean.gr\/de\/kontakt\/","name":"Kontakt | Communicare","isPartOf":{"@id":"https:\/\/ccare.aegean.gr\/#website"},"primaryImageOfPage":{"@id":"https:\/\/ccare.aegean.gr\/de\/kontakt\/#primaryimage"},"image":{"@id":"https:\/\/ccare.aegean.gr\/de\/kontakt\/#primaryimage"},"thumbnailUrl":"https:\/\/ccare.aegean.gr\/wp-content\/uploads\/2023\/02\/clay-banks-VK-podfv2DU-unsplash-1-1024x683.jpg","datePublished":"2021-11-15T18:35:09+00:00","dateModified":"2023-04-19T07:29:08+00:00","breadcrumb":{"@id":"https:\/\/ccare.aegean.gr\/de\/kontakt\/#breadcrumb"},"inLanguage":"de","potentialAction":[{"@type":"ReadAction","target":["https:\/\/ccare.aegean.gr\/de\/kontakt\/"]}]},{"@type":"ImageObject","inLanguage":"de","@id":"https:\/\/ccare.aegean.gr\/de\/kontakt\/#primaryimage","url":"https:\/\/ccare.aegean.gr\/wp-content\/uploads\/2023\/02\/clay-banks-VK-podfv2DU-unsplash-1-1024x683.jpg","contentUrl":"https:\/\/ccare.aegean.gr\/wp-content\/uploads\/2023\/02\/clay-banks-VK-podfv2DU-unsplash-1-1024x683.jpg"},{"@type":"BreadcrumbList","@id":"https:\/\/ccare.aegean.gr\/de\/kontakt\/#breadcrumb","itemListElement":[{"@type":"ListItem","position":1,"name":"Home","item":"https:\/\/ccare.aegean.gr\/de\/"},{"@type":"ListItem","position":2,"name":"Kontakt"}]},{"@type":"WebSite","@id":"https:\/\/ccare.aegean.gr\/#website","url":"https:\/\/ccare.aegean.gr\/","name":"Communicare","description":"Improving communication skills as a tool for caregivers in long term care for elderly","publisher":{"@id":"https:\/\/ccare.aegean.gr\/#organization"},"potentialAction":[{"@type":"SearchAction","target":{"@type":"EntryPoint","urlTemplate":"https:\/\/ccare.aegean.gr\/?s={search_term_string}"},"query-input":{"@type":"PropertyValueSpecification","valueRequired":true,"valueName":"search_term_string"}}],"inLanguage":"de"},{"@type":"Organization","@id":"https:\/\/ccare.aegean.gr\/#organization","name":"Communicare","url":"https:\/\/ccare.aegean.gr\/","logo":{"@type":"ImageObject","inLanguage":"de","@id":"https:\/\/ccare.aegean.gr\/#\/schema\/logo\/image\/","url":"https:\/\/ccare.aegean.gr\/wp-content\/uploads\/2022\/08\/1657625329101001.svg","contentUrl":"https:\/\/ccare.aegean.gr\/wp-content\/uploads\/2022\/08\/1657625329101001.svg","width":1,"height":1,"caption":"Communicare"},"image":{"@id":"https:\/\/ccare.aegean.gr\/#\/schema\/logo\/image\/"},"sameAs":["https:\/\/www.facebook.com\/profile.php?id=100065519678321"]}]}},"_links":{"self":[{"href":"https:\/\/ccare.aegean.gr\/de\/wp-json\/wp\/v2\/pages\/24794","targetHints":{"allow":["GET"]}}],"collection":[{"href":"https:\/\/ccare.aegean.gr\/de\/wp-json\/wp\/v2\/pages"}],"about":[{"href":"https:\/\/ccare.aegean.gr\/de\/wp-json\/wp\/v2\/types\/page"}],"author":[{"embeddable":true,"href":"https:\/\/ccare.aegean.gr\/de\/wp-json\/wp\/v2\/users\/1"}],"replies":[{"embeddable":true,"href":"https:\/\/ccare.aegean.gr\/de\/wp-json\/wp\/v2\/comments?post=24794"}],"version-history":[{"count":9,"href":"https:\/\/ccare.aegean.gr\/de\/wp-json\/wp\/v2\/pages\/24794\/revisions"}],"predecessor-version":[{"id":27161,"href":"https:\/\/ccare.aegean.gr\/de\/wp-json\/wp\/v2\/pages\/24794\/revisions\/27161"}],"wp:attachment":[{"href":"https:\/\/ccare.aegean.gr\/de\/wp-json\/wp\/v2\/media?parent=24794"}],"wp:term":[{"taxonomy":"author","embeddable":true,"href":"https:\/\/ccare.aegean.gr\/de\/wp-json\/wp\/v2\/coauthors?post=24794"}],"curies":[{"name":"wp","href":"https:\/\/api.w.org\/{rel}","templated":true}]}}